{"id":671,"date":"2023-01-24T10:54:09","date_gmt":"2023-01-24T09:54:09","guid":{"rendered":"https:\/\/www.hotelvillacandia.it\/servizi\/"},"modified":"2023-03-15T11:02:28","modified_gmt":"2023-03-15T10:02:28","slug":"servizi","status":"publish","type":"page","link":"https:\/\/www.hotelvillacandia.it\/de\/servizi\/","title":{"rendered":"Service"},"content":{"rendered":"<section class=\"wpb-content-wrapper\"><p>[vc_row fixed_width=&#8220;true&#8220; css=&#8220;.vc_custom_1627562291998{margin-top: 0px !important;margin-bottom: 0px !important;border-top-width: 0px !important;border-bottom-width: 0px !important;padding-top: 10px !important;padding-bottom: 0px !important;}&#8220;][vc_column css=&#8220;.vc_custom_1627562322556{margin-top: 0px !important;margin-bottom: 0px !important;border-top-width: 0px !important;border-bottom-width: 0px !important;padding-top: 0px !important;padding-bottom: 0px !important;}&#8220;]<h3 class=\"sohohotel-title-28px sohohotel-clearfix sohohotel-title-center\">Service im Preis inbegriffen<\/h3><div class=\"sohohotel-fixed-height-text-image-wrapper sohohotel-clearfix\"><div class=\"sohohotel-fixed-height-text-wrapper sohohotel-fixed-height-text-wrapper-left\"><h3 class=\"sohohotel-title-28px sohohotel-clearfix sohohotel-title-left\">Fru\u0308hstu\u0308cksbuffet<\/h3><\/p>\n<ul>\n<li><strong>Fru\u0308hstu\u0308cksbuffet, das von 7:30 bis 11:30 Uhr im Fru\u0308hstu\u0308cksraum im Erdgeschoss<\/strong> und auf der <strong>Sommerterrasse<\/strong> serviert wird, wo auch Haustiere willkommen sind und Rauchen erlaubt ist.<br \/>\nDas Menu\u0308 umfasst su\u0308\u00dfe und salzig Speisen, frisches Obst und Gemu\u0308se, Obstsalat, Vollkorngeb\u00e4ck, Eier auf Bestellung sowie gluten- und laktosefreie Produkte auf Anfrage.<\/li>\n<\/ul>\n<p><\/div><div class=\"sohohotel-fixed-height-image-wrapper sohohotel-fixed-height-image-wrapper-right\"><div class=\"sohohotel-fixed-height-image\" style=\"background-image: url(https:\/\/www.hotelvillacandia.it\/wp-content\/uploads\/2023\/01\/colazione-prova.jpg); background-size: 600px 400px; height: 400px;\"><\/div><\/div><\/div><div class=\"sohohotel-fixed-height-text-image-wrapper sohohotel-clearfix\"><div class=\"sohohotel-fixed-height-text-wrapper sohohotel-fixed-height-text-wrapper-right\"><h3 class=\"sohohotel-title-28px sohohotel-clearfix sohohotel-title-left\">Strandservice<\/h3><\/p>\n<ul>\n<li><strong>Strandservice<\/strong> mit <strong>einem Sonnenschirm und zwei Liegestu\u0308hlen<\/strong> am\u00a0Strandbu\u0308ro Nummer neun und zehn, etwa drei Gehminuten vom\u00a0Hotel entfernt.<\/li>\n<\/ul>\n<p><\/div><div class=\"sohohotel-fixed-height-image-wrapper sohohotel-fixed-height-image-wrapper-left\"><div class=\"sohohotel-fixed-height-image\" style=\"background-image: url(https:\/\/www.hotelvillacandia.it\/wp-content\/uploads\/2023\/01\/ombrelloni-lettini-prova.jpeg); background-size: 600px 400px; height: 400px;\"><\/div><\/div><\/div><div class=\"sohohotel-fixed-height-text-image-wrapper sohohotel-clearfix\"><div class=\"sohohotel-fixed-height-text-wrapper sohohotel-fixed-height-text-wrapper-left\"><h3 class=\"sohohotel-title-28px sohohotel-clearfix sohohotel-title-left\">Parkplatz<\/h3><\/p>\n<ul>\n<li>Ein <strong>gro\u00dfer privater Parkplatz hinter dem Hotel<\/strong>, der direkt\u00a0erreichbar und <strong>eingez\u00e4unt<\/strong> ist. Wir haben auch vier unbedeckte\u00a0Parkpl\u00e4tze und einen Shuttleservice zum <strong>Parking Luna Blue<\/strong>.<\/li>\n<\/ul>\n<p><\/div><div class=\"sohohotel-fixed-height-image-wrapper sohohotel-fixed-height-image-wrapper-right\"><div class=\"sohohotel-fixed-height-image\" style=\"background-image: url(https:\/\/www.hotelvillacandia.it\/wp-content\/uploads\/2023\/01\/parcheggio.png); background-size: 600px 400px; height: 400px;\"><\/div><\/div><\/div><div class=\"sohohotel-fixed-height-text-image-wrapper sohohotel-clearfix\"><div class=\"sohohotel-fixed-height-text-wrapper sohohotel-fixed-height-text-wrapper-right\"><h3 class=\"sohohotel-title-28px sohohotel-clearfix sohohotel-title-left\">Fahrr\u00e4der<\/h3><\/p>\n<ul>\n<li>Die Nutzung von <strong>Fahrr\u00e4dern<\/strong>, perfekt, um <strong>ein anderes Lignano zu\u00a0entdecken<\/strong>. Fragen Sie unser Personal nach geeigneten Routen und starten Sie Ihr Abenteuer.<\/li>\n<\/ul>\n<p><\/div><div class=\"sohohotel-fixed-height-image-wrapper sohohotel-fixed-height-image-wrapper-left\"><div class=\"sohohotel-fixed-height-image\" style=\"background-image: url(https:\/\/www.hotelvillacandia.it\/wp-content\/uploads\/2023\/01\/bici-tramonto-prova.jpg); background-size: 600px 400px; height: 400px;\"><\/div><\/div><\/div>[\/vc_column][\/vc_row][vc_row css=&#8220;.vc_custom_1627553435640{margin-top: 0px !important;margin-right: 0px !important;margin-bottom: 45px !important;margin-left: 0px !important;border-top-width: 0px !important;border-right-width: 0px !important;border-bottom-width: 0px !important;border-left-width: 0px !important;padding-top: 0px !important;padding-right: 0px !important;padding-bottom: 0px !important;padding-left: 0px !important;}&#8220;][vc_column css=&#8220;.vc_custom_1627553414681{margin-top: 0px !important;margin-right: 0px !important;margin-bottom: 0px !important;margin-left: 0px !important;border-top-width: 0px !important;border-right-width: 0px !important;border-bottom-width: 0px !important;border-left-width: 0px !important;padding-top: 0px !important;padding-right: 0px !important;padding-bottom: 0px !important;padding-left: 0px !important;}&#8220;][vc_separator color=&#8220;custom&#8220; accent_color=&#8220;#dedede&#8220;][\/vc_column][\/vc_row][vc_row css=&#8220;.vc_custom_1627562303197{margin-top: 0px !important;margin-bottom: 10px !important;border-top-width: 0px !important;border-bottom-width: 0px !important;padding-top: 0px !important;padding-bottom: 0px !important;}&#8220;][vc_column css=&#8220;.vc_custom_1627562333686{margin-top: 0px !important;margin-bottom: 0px !important;border-top-width: 0px !important;border-bottom-width: 0px !important;padding-top: 0px !important;padding-bottom: 0px !important;}&#8220;]<h3 class=\"sohohotel-title-28px sohohotel-clearfix sohohotel-title-center\">Service nicht im Preis inbegriffen<\/h3>[vc_empty_space height=&#8220;20px&#8220;]<section class=\"sohohotel-icon-text-wrapper-1 sohohotel-clearfix\"><div class=\"sohohotel-icon-text-block sohohotel-clearfix\">\n\t\t<div class=\"sohohotel-icon\"><i class=\"fas fa-glass-martini\"><\/i><\/div>\n\t\t<div class=\"sohohotel-text\">\n\t\t\t<h4>Bar<\/h4>\n\t\t\t<p>Eine Bar, in der Sie sich einen Drink bestellen k\u00f6nnen, den Sie bequem im TV-Raum oder auf der Veranda genie\u00dfen k\u00f6nnen.<\/p>\n\t\t<\/div>\n\t\t<\/div><div class=\"sohohotel-icon-text-block sohohotel-clearfix\">\n\t\t<div class=\"sohohotel-icon\"><i class=\"fas fa-dog\"><\/i><\/div>\n\t\t<div class=\"sohohotel-text\">\n\t\t\t<h4>Haustiere<\/h4>\n\t\t\t<p>Haustiere sind willkommen und k\u00f6nnen gegen einen kleinen Aufpreis mitgebracht werden.<\/p>\n\t\t<\/div>\n\t\t<\/div><\/section>[\/vc_column][\/vc_row]<\/p>\n<\/section>","protected":false},"excerpt":{"rendered":"<p>[vc_row fixed_width=&#8220;true&#8220; css=&#8220;.vc_custom_1627562291998{margin-top: 0px !important;margin-bottom: 0px !important;border-top-width: 0px !important;border-bottom-width: 0px !important;padding-top: 10px !important;padding-bottom: 0px !important;}&#8220;][vc_column css=&#8220;.vc_custom_1627562322556{margin-top: 0px !important;margin-bottom: 0px !important;border-top-width: 0px !important;border-bottom-width: 0px !important;padding-top: 0px !important;padding-bottom: 0px !important;}&#8220;][\/vc_column][\/vc_row][vc_row css=&#8220;.vc_custom_1627553435640{margin-top: 0px !important;margin-right: 0px !important;margin-bottom: 45px !important;margin-left: 0px !important;border-top-width: 0px !important;border-right-width: 0px !important;border-bottom-width: 0px !important;border-left-width: 0px !important;padding-top: 0px !important;padding-right: 0px !important;padding-bottom: 0px !important;padding-left: 0px !important;}&#8220;][vc_column css=&#8220;.vc_custom_1627553414681{margin-top: 0px<\/p>\n<a href=\"https:\/\/www.hotelvillacandia.it\/de\/servizi\/\" class=\"sohohotel-more-link\">Read More<\/a>","protected":false},"author":2,"featured_media":561,"parent":0,"menu_order":0,"comment_status":"closed","ping_status":"closed","template":"","meta":{"footnotes":""},"class_list":["post-671","page","type-page","status-publish","has-post-thumbnail","hentry"],"_links":{"self":[{"href":"https:\/\/www.hotelvillacandia.it\/de\/wp-json\/wp\/v2\/pages\/671","targetHints":{"allow":["GET"]}}],"collection":[{"href":"https:\/\/www.hotelvillacandia.it\/de\/wp-json\/wp\/v2\/pages"}],"about":[{"href":"https:\/\/www.hotelvillacandia.it\/de\/wp-json\/wp\/v2\/types\/page"}],"author":[{"embeddable":true,"href":"https:\/\/www.hotelvillacandia.it\/de\/wp-json\/wp\/v2\/users\/2"}],"replies":[{"embeddable":true,"href":"https:\/\/www.hotelvillacandia.it\/de\/wp-json\/wp\/v2\/comments?post=671"}],"version-history":[{"count":2,"href":"https:\/\/www.hotelvillacandia.it\/de\/wp-json\/wp\/v2\/pages\/671\/revisions"}],"predecessor-version":[{"id":733,"href":"https:\/\/www.hotelvillacandia.it\/de\/wp-json\/wp\/v2\/pages\/671\/revisions\/733"}],"wp:featuredmedia":[{"embeddable":true,"href":"https:\/\/www.hotelvillacandia.it\/de\/wp-json\/wp\/v2\/media\/561"}],"wp:attachment":[{"href":"https:\/\/www.hotelvillacandia.it\/de\/wp-json\/wp\/v2\/media?parent=671"}],"curies":[{"name":"wp","href":"https:\/\/api.w.org\/{rel}","templated":true}]}}